{"id":386,"date":"2022-05-10T09:06:56","date_gmt":"2022-05-10T07:06:56","guid":{"rendered":"https:\/\/karl-schubert-schule.at\/?page_id=386"},"modified":"2022-05-12T19:23:22","modified_gmt":"2022-05-12T17:23:22","slug":"entstehung-der-schule","status":"publish","type":"page","link":"https:\/\/karl-schubert-schule.at\/en\/entstehung-der-schule\/","title":{"rendered":"History"},"content":{"rendered":"<div data-elementor-type=\"wp-page\" data-elementor-id=\"386\" class=\"elementor elementor-386\" data-elementor-post-type=\"page\">\n\t\t\t\t\t\t<section class=\"elementor-section elementor-top-section elementor-element elementor-element-239ad4a5 elementor-section-height-min-height elementor-section-items-stretch elementor-section-full_width elementor-section-height-default\" data-id=\"239ad4a5\" data-element_type=\"section\" data-e-type=\"section\" id=\"top\">\n\t\t\t\t\t\t<div class=\"elementor-container elementor-column-gap-default\">\n\t\t\t\t\t<div class=\"elementor-column elementor-col-100 elementor-top-column elementor-element elementor-element-73c0ecf0\" data-id=\"73c0ecf0\" data-element_type=\"column\" data-e-type=\"column\" data-settings=\"{&quot;background_background&quot;:&quot;classic&quot;}\">\n\t\t\t<div class=\"elementor-widget-wrap\">\n\t\t\t\t\t\t\t<\/div>\n\t\t<\/div>\n\t\t\t\t\t<\/div>\n\t\t<\/section>\n\t\t\t\t<section class=\"elementor-section elementor-top-section elementor-element elementor-element-70e722ae elementor-section-content-middle elementor-reverse-tablet elementor-reverse-mobile elementor-section-height-min-height elementor-section-boxed elementor-section-height-default elementor-section-items-middle\" data-id=\"70e722ae\" data-element_type=\"section\" data-e-type=\"section\" id=\"Heileurythmie\">\n\t\t\t\t\t\t<div class=\"elementor-container elementor-column-gap-default\">\n\t\t\t\t\t<div class=\"elementor-column elementor-col-100 elementor-top-column elementor-element elementor-element-2b826eca\" data-id=\"2b826eca\" data-element_type=\"column\" data-e-type=\"column\">\n\t\t\t<div class=\"elementor-widget-wrap elementor-element-populated\">\n\t\t\t\t\t\t<div class=\"elementor-element elementor-element-226b3349 elementor-widget elementor-widget-heading\" data-id=\"226b3349\" data-element_type=\"widget\" data-e-type=\"widget\" data-widget_type=\"heading.default\">\n\t\t\t\t<div class=\"elementor-widget-container\">\n\t\t\t\t\t<h2 class=\"elementor-heading-title elementor-size-default\">History<\/h2>\t\t\t\t<\/div>\n\t\t\t\t<\/div>\n\t\t\t\t<div class=\"elementor-element elementor-element-585b7713 elementor-widget elementor-widget-text-editor\" data-id=\"585b7713\" data-element_type=\"widget\" data-e-type=\"widget\" data-widget_type=\"text-editor.default\">\n\t\t\t\t<div class=\"elementor-widget-container\">\n\t\t\t\t\t\t\t\t\t<p>The impetus to establish a special needs school on the basis of Waldorf educational principles came from the K\u00fchne family. They lived in Vienna and had four children. The eldest of their three daughters, Johanna, was a child with \"special educational needs.\"<\/p><p>The K\u00fchnes had previously been instrumental in founding the first Rudolf Steiner school in Vienna, and now sought to add a special needs class to this school. In its earliest days, they made rooms in their house at Jesuitensteig available to the school.<\/p><p>Dr. Heide Z\u00e4uner, who had quite a bit of experience in special needs education, was the first principal, joined by two eurythmy students, Elisabeth Erdmenger from Germany, who also had training in music therapy, and Genevieve Bachelet from France. The fourth member was Sebastian Holzhuber from Vienna.<\/p><p>In 1972 the Karl Schubert School Association was founded. The board included members who had already gathered experience in the founding of the Rudolf Steiner School: Professor K\u00fchne and Walter Schulz, who is still faithfully assisting our school today. Dr. Gergely, with her experience from the founding of the previous school, also helped a great deal in paving the way.<\/p><p>A school of this type was a novelty in Austria at the time\u2014and official recognition of this completely new, unconventional school experiment took correspondingly long:<\/p><ul><li>As of 1973, status \"not prohibited\u201c<\/li><li>As of 1975, support for transport and school fees from the Office of Social Services<\/li><li>As of 1983, recognized under public law as \"suitable for the fulfillment of compulsory schooling,\" thanks to the great advice and help of Dr. Raoul Kneucker\u00a0<\/li><\/ul><p>Over the years, the Karl Schubert School and its staff have given rise to several socio-therapeutic institutions:<\/p><ul><li class=\"translation-block\">1981 <a href=\"http:\/\/www.kshm.at\/\" target=\"_blank\" rel=\"noopener\">Karl Schubert Haus Mariensee<\/a>, Gesellschaft f\u00fcr Sozialtherapie und Lebensgemeinschaft through the Jakobs family<\/li><li class=\"translation-block\">1986  <a href=\"http:\/\/www.lebensart-sozialtherapie.at\" target=\"_blank\" rel=\"noopener\">Sozialtherapeutische Lebens- und Arbeitsgemeinschaft<\/a>  through the Wirth family, as of 1987 with residential groups and workshops, currently at four locations in Vienna and Lower Austria<\/li><li class=\"translation-block\">The <a href=\"http:\/\/www.himmelschluesselhof.net\/\" target=\"_blank\" rel=\"noopener\">Himmelschl\u00fcsselhof<\/a> in Texing, an initiative by student parents, the Fischer family<\/li><li class=\"translation-block\">1997 the  <a href=\"http:\/\/www.dg-breitenfurt.at\/\" target=\"_blank\" rel=\"noopener\">Dorfgemeinschaft Breitenfurt<\/a>, thanks to the perseverance and dedication of Elisabeth Erdmenger, currently with 8 residential groups and 12 workshops<\/li><li class=\"translation-block\">2020 the <a href=\"https:\/\/www.dg-wienerwald.at\/dorfgemeinschaft-wienerwaldsee\" target=\"_blank\" rel=\"noopener\">Dorfgemeinschaft Wienerwaldsee<\/a><\/li><\/ul><p class=\"translation-block\">Around the same time, the <a href=\"http:\/\/rudolfsteinerseminar.at\/\" target=\"_blank\" rel=\"noopener\">Rudolf Steiner Seminar f\u00fcr Heilp\u00e4dagogik und Sozialtherapie<\/a> was founded on the initiative of several staff members, which has since brought forth many committed social therapists.<\/p>\t\t\t\t\t\t\t\t<\/div>\n\t\t\t\t<\/div>\n\t\t\t\t\t<\/div>\n\t\t<\/div>\n\t\t\t\t\t<\/div>\n\t\t<\/section>\n\t\t\t\t<\/div>","protected":false},"excerpt":{"rendered":"<p>Entstehung der Schule Den Ansto\u00df f\u00fcr eine Sonderschule mit Waldorfp\u00e4dagogik gab die Familie K\u00fchne. Sie lebte in Wien und hatte vier Kinder. Johanna, das \u00e4lteste der drei M\u00e4dchen, war ein Kind mit \u201esonderp\u00e4dagogischem F\u00f6rderbedarf\u201c. Das Ehepaar K\u00fchne war schon ma\u00dfgeblich an der Gr\u00fcndung der ersten Wiener Rudolf Steiner Schule beteiligt gewesen und bem\u00fchte sich nun [&hellip;]<\/p>\n","protected":false},"author":1,"featured_media":0,"parent":0,"menu_order":0,"comment_status":"closed","ping_status":"closed","template":"","meta":{"footnotes":""},"class_list":["post-386","page","type-page","status-publish","hentry"],"_links":{"self":[{"href":"https:\/\/karl-schubert-schule.at\/en\/wp-json\/wp\/v2\/pages\/386","targetHints":{"allow":["GET"]}}],"collection":[{"href":"https:\/\/karl-schubert-schule.at\/en\/wp-json\/wp\/v2\/pages"}],"about":[{"href":"https:\/\/karl-schubert-schule.at\/en\/wp-json\/wp\/v2\/types\/page"}],"author":[{"embeddable":true,"href":"https:\/\/karl-schubert-schule.at\/en\/wp-json\/wp\/v2\/users\/1"}],"replies":[{"embeddable":true,"href":"https:\/\/karl-schubert-schule.at\/en\/wp-json\/wp\/v2\/comments?post=386"}],"version-history":[{"count":16,"href":"https:\/\/karl-schubert-schule.at\/en\/wp-json\/wp\/v2\/pages\/386\/revisions"}],"predecessor-version":[{"id":1138,"href":"https:\/\/karl-schubert-schule.at\/en\/wp-json\/wp\/v2\/pages\/386\/revisions\/1138"}],"wp:attachment":[{"href":"https:\/\/karl-schubert-schule.at\/en\/wp-json\/wp\/v2\/media?parent=386"}],"curies":[{"name":"wp","href":"https:\/\/api.w.org\/{rel}","templated":true}]}}