{"id":338,"date":"2022-05-10T08:24:15","date_gmt":"2022-05-10T06:24:15","guid":{"rendered":"https:\/\/karl-schubert-schule.at\/?page_id=338"},"modified":"2024-09-26T15:18:56","modified_gmt":"2024-09-26T13:18:56","slug":"freiraum23","status":"publish","type":"page","link":"https:\/\/karl-schubert-schule.at\/en\/freiraum23\/","title":{"rendered":"freiRaum23"},"content":{"rendered":"\t\t<div data-elementor-type=\"wp-page\" data-elementor-id=\"338\" class=\"elementor elementor-338\" data-elementor-post-type=\"page\">\n\t\t\t\t\t\t<section class=\"elementor-section elementor-top-section elementor-element elementor-element-64ac8980 elementor-section-height-min-height elementor-section-items-stretch elementor-section-full_width elementor-section-height-default\" data-id=\"64ac8980\" data-element_type=\"section\" data-e-type=\"section\" id=\"top\">\n\t\t\t\t\t\t<div class=\"elementor-container elementor-column-gap-default\">\n\t\t\t\t\t<div class=\"elementor-column elementor-col-100 elementor-top-column elementor-element elementor-element-ec72b5f\" data-id=\"ec72b5f\" data-element_type=\"column\" data-e-type=\"column\" data-settings=\"{&quot;background_background&quot;:&quot;classic&quot;}\">\n\t\t\t<div class=\"elementor-widget-wrap\">\n\t\t\t\t\t\t\t<\/div>\n\t\t<\/div>\n\t\t\t\t\t<\/div>\n\t\t<\/section>\n\t\t\t\t<section class=\"elementor-section elementor-top-section elementor-element elementor-element-6e2b380d elementor-section-content-middle elementor-reverse-tablet elementor-reverse-mobile elementor-section-full_width elementor-section-height-default elementor-section-height-default\" data-id=\"6e2b380d\" data-element_type=\"section\" data-e-type=\"section\" id=\"willkommen\">\n\t\t\t\t\t\t<div class=\"elementor-container elementor-column-gap-default\">\n\t\t\t\t\t<div class=\"elementor-column elementor-col-50 elementor-top-column elementor-element elementor-element-33266cee\" data-id=\"33266cee\" data-element_type=\"column\" data-e-type=\"column\">\n\t\t\t<div class=\"elementor-widget-wrap elementor-element-populated\">\n\t\t\t\t\t\t<div class=\"elementor-element elementor-element-1f561aaf elementor-widget elementor-widget-heading\" data-id=\"1f561aaf\" data-element_type=\"widget\" data-e-type=\"widget\" data-widget_type=\"heading.default\">\n\t\t\t\t<div class=\"elementor-widget-container\">\n\t\t\t\t\t<h2 class=\"elementor-heading-title elementor-size-default\">freiRaum23<\/h2>\t\t\t\t<\/div>\n\t\t\t\t<\/div>\n\t\t\t\t<div class=\"elementor-element elementor-element-3c809aa9 elementor-widget elementor-widget-text-editor\" data-id=\"3c809aa9\" data-element_type=\"widget\" data-e-type=\"widget\" data-widget_type=\"text-editor.default\">\n\t\t\t\t<div class=\"elementor-widget-container\">\n\t\t\t\t\t\t\t\t\t<p>Der\u00a0<em>freiRaum23 <\/em>der Karl-Schubert-Schule\u00a0ist ein Verein zur F\u00f6rderung von Kultur, Integration und Bewegung im 23. Bezirk:\u00a0Kultur, die diesen Namen verdient, bringt uns geistig-seelisch, aber auch k\u00f6rperlich in Bewegung: ver\u00e4ndert, f\u00f6rdert, verlebendigt und erweitert uns, unsere Blickwinkel und M\u00f6glichkeiten.\u00a0<\/p>\t\t\t\t\t\t\t\t<\/div>\n\t\t\t\t<\/div>\n\t\t\t\t\t<\/div>\n\t\t<\/div>\n\t\t\t\t<div class=\"elementor-column elementor-col-50 elementor-top-column elementor-element elementor-element-5b5dfd75\" data-id=\"5b5dfd75\" data-element_type=\"column\" data-e-type=\"column\">\n\t\t\t<div class=\"elementor-widget-wrap elementor-element-populated\">\n\t\t\t\t\t\t<div class=\"elementor-element elementor-element-501dc383 elementor-align-center elementor-invisible elementor-widget elementor-widget-button\" data-id=\"501dc383\" data-element_type=\"widget\" data-e-type=\"widget\" data-settings=\"{&quot;_animation&quot;:&quot;fadeInRight&quot;}\" data-widget_type=\"button.default\">\n\t\t\t\t<div class=\"elementor-widget-container\">\n\t\t\t\t\t\t\t\t\t<div class=\"elementor-button-wrapper\">\n\t\t\t\t\t<a class=\"elementor-button elementor-button-link elementor-size-sm\" href=\"https:\/\/karl-schubert-schule.at\/spenden-partner\/\">\n\t\t\t\t\t\t<span class=\"elementor-button-content-wrapper\">\n\t\t\t\t\t\t<span class=\"elementor-button-icon\">\n\t\t\t\t<i aria-hidden=\"true\" class=\"far fa-heart\"><\/i>\t\t\t<\/span>\n\t\t\t\t\t\t\t\t\t<span class=\"elementor-button-text\">Unterst\u00fctzen Sie uns mit Ihrer Spende!<\/span>\n\t\t\t\t\t<\/span>\n\t\t\t\t\t<\/a>\n\t\t\t\t<\/div>\n\t\t\t\t\t\t\t\t<\/div>\n\t\t\t\t<\/div>\n\t\t\t\t\t<\/div>\n\t\t<\/div>\n\t\t\t\t\t<\/div>\n\t\t<\/section>\n\t\t\t\t<section class=\"elementor-section elementor-top-section elementor-element elementor-element-3659c329 elementor-section-content-middle elementor-section-height-min-height elementor-section-boxed elementor-section-height-default elementor-section-items-middle\" data-id=\"3659c329\" data-element_type=\"section\" data-e-type=\"section\" id=\"Schulprofil\">\n\t\t\t\t\t\t<div class=\"elementor-container elementor-column-gap-default\">\n\t\t\t\t\t<div class=\"elementor-column elementor-col-50 elementor-top-column elementor-element elementor-element-1bfc17d6\" data-id=\"1bfc17d6\" data-element_type=\"column\" data-e-type=\"column\" data-settings=\"{&quot;background_background&quot;:&quot;classic&quot;,&quot;motion_fx_motion_fx_scrolling&quot;:&quot;yes&quot;,&quot;motion_fx_range&quot;:&quot;page&quot;,&quot;motion_fx_translateX_effect&quot;:&quot;yes&quot;,&quot;motion_fx_translateX_direction&quot;:&quot;negative&quot;,&quot;motion_fx_translateX_speed&quot;:{&quot;unit&quot;:&quot;px&quot;,&quot;size&quot;:0.5,&quot;sizes&quot;:[]},&quot;motion_fx_translateX_affectedRange&quot;:{&quot;unit&quot;:&quot;%&quot;,&quot;size&quot;:&quot;&quot;,&quot;sizes&quot;:{&quot;start&quot;:0,&quot;end&quot;:100}},&quot;motion_fx_devices&quot;:[&quot;desktop&quot;,&quot;tablet&quot;,&quot;mobile&quot;]}\">\n\t\t\t<div class=\"elementor-widget-wrap elementor-element-populated\">\n\t\t\t\t\t\t<div class=\"elementor-element elementor-element-68f87b3a elementor-widget elementor-widget-image\" data-id=\"68f87b3a\" data-element_type=\"widget\" data-e-type=\"widget\" data-widget_type=\"image.default\">\n\t\t\t\t<div class=\"elementor-widget-container\">\n\t\t\t\t\t\t\t\t\t\t\t\t\t\t\t<img fetchpriority=\"high\" decoding=\"async\" width=\"1800\" height=\"1200\" src=\"https:\/\/karl-schubert-schule.at\/wp-content\/uploads\/2022\/05\/KSS_Musikunterricht_14.jpg\" class=\"attachment-full size-full wp-image-348\" alt=\"\" srcset=\"https:\/\/karl-schubert-schule.at\/wp-content\/uploads\/2022\/05\/KSS_Musikunterricht_14.jpg 1800w, https:\/\/karl-schubert-schule.at\/wp-content\/uploads\/2022\/05\/KSS_Musikunterricht_14-300x200.jpg 300w, https:\/\/karl-schubert-schule.at\/wp-content\/uploads\/2022\/05\/KSS_Musikunterricht_14-1024x683.jpg 1024w, https:\/\/karl-schubert-schule.at\/wp-content\/uploads\/2022\/05\/KSS_Musikunterricht_14-768x512.jpg 768w, https:\/\/karl-schubert-schule.at\/wp-content\/uploads\/2022\/05\/KSS_Musikunterricht_14-1536x1024.jpg 1536w\" sizes=\"(max-width: 1800px) 100vw, 1800px\" \/>\t\t\t\t\t\t\t\t\t\t\t\t\t\t\t<\/div>\n\t\t\t\t<\/div>\n\t\t\t\t\t<\/div>\n\t\t<\/div>\n\t\t\t\t<div class=\"elementor-column elementor-col-50 elementor-top-column elementor-element elementor-element-19b06595\" data-id=\"19b06595\" data-element_type=\"column\" data-e-type=\"column\">\n\t\t\t<div class=\"elementor-widget-wrap elementor-element-populated\">\n\t\t\t\t\t\t<div class=\"elementor-element elementor-element-73b05a06 elementor-widget elementor-widget-text-editor\" data-id=\"73b05a06\" data-element_type=\"widget\" data-e-type=\"widget\" data-widget_type=\"text-editor.default\">\n\t\t\t\t<div class=\"elementor-widget-container\">\n\t\t\t\t\t\t\t\t\t<p><strong>Integration\u00a0<\/strong>setzt die Entdeckung und Entwicklung der eigenen Potenziale voraus: Bevor ich mich nicht selbst kennen gelernt habe und mich in meine mir gegebene, angeborene Welt und K\u00f6rperlichkeit eingefunden integriert habe, bevor ich nicht meine Um- und Mitwelt wirklich wahrzunehmen und sch\u00e4tzen gelernt habe, kann Toleranz bzw. die Integration des \u201eAnderen\u201c in das eigene, die Wertsch\u00e4tzung und Integration anderer nicht gelingen. Das ein- oder gemeinsame Entdecken der eigenen, vielleicht unbekannten, verborgenen F\u00e4higkeiten, das Experimentieren, Ausprobieren, Improvisieren und Spielen f\u00fchrt unweigerlich zum Wertsch\u00e4tzen der Verschiedenartigkeiten und Vielfalt: gelebte Integration!<\/p><p><strong>Kultur\/Kunst<\/strong>\u00a0hat nichts zu tun mit leicht konsumierbarer Unterhaltung, sie ist ihrem Wesen nach das, was anregt und inspiriert zu sch\u00f6pferischem Tun, zur Arbeit am eigenen Traum: Selbstverwirklichung unter Einbeziehung des Ganzen. Jeder, der an der Verwirklichung eines \u00fcber ihn selbst hinausreichenden Traumes arbeitet, ist ein K\u00fcnstler!\u00a0Der Wert bzw. das Wertvolle der Kultur\/ Kunst liegt in ihrem Ver\u00e4nderungspotenzial.<\/p><p><strong>Raum\u00a0<\/strong>wollen wir geben f\u00fcr Ver\u00e4nderungen, f\u00fcr Ihren, f\u00fcr deinen Traum: f\u00fcr Kreativit\u00e4t &amp; Begegnung, Bewegung &amp; Vortr\u00e4ge, Kurse, Experimente und Darbietungen (fast) aller Arten, offene B\u00fchne!<\/p>\t\t\t\t\t\t\t\t<\/div>\n\t\t\t\t<\/div>\n\t\t\t\t\t<\/div>\n\t\t<\/div>\n\t\t\t\t\t<\/div>\n\t\t<\/section>\n\t\t\t\t<\/div>\n\t\t","protected":false},"excerpt":{"rendered":"<p>freiRaum23 Der\u00a0freiRaum23 der Karl-Schubert-Schule\u00a0ist ein Verein zur F\u00f6rderung von Kultur, Integration und Bewegung im 23. Bezirk:\u00a0Kultur, die diesen Namen verdient, bringt uns geistig-seelisch, aber auch k\u00f6rperlich in Bewegung: ver\u00e4ndert, f\u00f6rdert, verlebendigt und erweitert uns, unsere Blickwinkel und M\u00f6glichkeiten.\u00a0 Unterst\u00fctzen Sie uns mit Ihrer Spende! Integration\u00a0setzt die Entdeckung und Entwicklung der eigenen Potenziale voraus: Bevor ich [&hellip;]<\/p>\n","protected":false},"author":1,"featured_media":0,"parent":0,"menu_order":0,"comment_status":"closed","ping_status":"closed","template":"","meta":{"footnotes":""},"class_list":["post-338","page","type-page","status-publish","hentry"],"_links":{"self":[{"href":"https:\/\/karl-schubert-schule.at\/en\/wp-json\/wp\/v2\/pages\/338","targetHints":{"allow":["GET"]}}],"collection":[{"href":"https:\/\/karl-schubert-schule.at\/en\/wp-json\/wp\/v2\/pages"}],"about":[{"href":"https:\/\/karl-schubert-schule.at\/en\/wp-json\/wp\/v2\/types\/page"}],"author":[{"embeddable":true,"href":"https:\/\/karl-schubert-schule.at\/en\/wp-json\/wp\/v2\/users\/1"}],"replies":[{"embeddable":true,"href":"https:\/\/karl-schubert-schule.at\/en\/wp-json\/wp\/v2\/comments?post=338"}],"version-history":[{"count":52,"href":"https:\/\/karl-schubert-schule.at\/en\/wp-json\/wp\/v2\/pages\/338\/revisions"}],"predecessor-version":[{"id":4249,"href":"https:\/\/karl-schubert-schule.at\/en\/wp-json\/wp\/v2\/pages\/338\/revisions\/4249"}],"wp:attachment":[{"href":"https:\/\/karl-schubert-schule.at\/en\/wp-json\/wp\/v2\/media?parent=338"}],"curies":[{"name":"wp","href":"https:\/\/api.w.org\/{rel}","templated":true}]}}