{"id":129,"date":"2022-05-06T10:42:17","date_gmt":"2022-05-06T08:42:17","guid":{"rendered":"https:\/\/karl-schubert-schule.at\/?page_id=129"},"modified":"2024-09-25T14:09:34","modified_gmt":"2024-09-25T12:09:34","slug":"therapien","status":"publish","type":"page","link":"https:\/\/karl-schubert-schule.at\/en\/therapien\/","title":{"rendered":"THERAPIES"},"content":{"rendered":"<div data-elementor-type=\"wp-page\" data-elementor-id=\"129\" class=\"elementor elementor-129\" data-elementor-post-type=\"page\">\n\t\t\t\t\t\t<section class=\"elementor-section elementor-top-section elementor-element elementor-element-7e1d20c4 elementor-section-height-min-height elementor-section-items-stretch elementor-section-full_width elementor-section-height-default\" data-id=\"7e1d20c4\" data-element_type=\"section\" id=\"top\">\n\t\t\t\t\t\t<div class=\"elementor-container elementor-column-gap-default\">\n\t\t\t\t\t<div class=\"elementor-column elementor-col-100 elementor-top-column elementor-element elementor-element-7de19c8c\" data-id=\"7de19c8c\" data-element_type=\"column\" data-settings=\"{&quot;background_background&quot;:&quot;classic&quot;}\">\n\t\t\t<div class=\"elementor-widget-wrap\">\n\t\t\t\t\t\t\t<\/div>\n\t\t<\/div>\n\t\t\t\t\t<\/div>\n\t\t<\/section>\n\t\t\t\t<section class=\"elementor-section elementor-top-section elementor-element elementor-element-6aa0c9be elementor-section-content-middle elementor-reverse-tablet elementor-reverse-mobile elementor-section-full_width elementor-section-height-default elementor-section-height-default\" data-id=\"6aa0c9be\" data-element_type=\"section\" id=\"willkommen\">\n\t\t\t\t\t\t<div class=\"elementor-container elementor-column-gap-default\">\n\t\t\t\t\t<div class=\"elementor-column elementor-col-50 elementor-top-column elementor-element elementor-element-4e2aabe\" data-id=\"4e2aabe\" data-element_type=\"column\">\n\t\t\t<div class=\"elementor-widget-wrap elementor-element-populated\">\n\t\t\t\t\t\t<div class=\"elementor-element elementor-element-76d98408 elementor-widget elementor-widget-heading\" data-id=\"76d98408\" data-element_type=\"widget\" data-widget_type=\"heading.default\">\n\t\t\t\t<div class=\"elementor-widget-container\">\n\t\t\t\t\t<h2 class=\"elementor-heading-title elementor-size-default\">Support Through Therapy <\/h2>\t\t\t\t<\/div>\n\t\t\t\t<\/div>\n\t\t\t\t<div class=\"elementor-element elementor-element-489ef58d elementor-widget elementor-widget-text-editor\" data-id=\"489ef58d\" data-element_type=\"widget\" data-widget_type=\"text-editor.default\">\n\t\t\t\t<div class=\"elementor-widget-container\">\n\t\t\t\t\t\t\t\t\t<p>When children recognize that they can communicate in their own way and are understood, they try out ever more new things. Music is a good way to express oneself and to show how one is feeling. What\u2019s more, music can have a healing effect. But there are many other therapies that help us to address the diverse natures of \"our\" children.<\/p>\t\t\t\t\t\t\t\t<\/div>\n\t\t\t\t<\/div>\n\t\t\t\t\t<\/div>\n\t\t<\/div>\n\t\t\t\t<div class=\"elementor-column elementor-col-50 elementor-top-column elementor-element elementor-element-615ace48\" data-id=\"615ace48\" data-element_type=\"column\">\n\t\t\t<div class=\"elementor-widget-wrap elementor-element-populated\">\n\t\t\t\t\t\t<div class=\"elementor-element elementor-element-50f98a2 elementor-align-center elementor-invisible elementor-widget elementor-widget-button\" data-id=\"50f98a2\" data-element_type=\"widget\" data-settings=\"{&quot;_animation&quot;:&quot;fadeInRight&quot;}\" data-widget_type=\"button.default\">\n\t\t\t\t<div class=\"elementor-widget-container\">\n\t\t\t\t\t\t\t\t\t<div class=\"elementor-button-wrapper\">\n\t\t\t\t\t<a class=\"elementor-button elementor-button-link elementor-size-sm\" href=\"https:\/\/karl-schubert-schule.at\/en\/spenden-partner\/\">\n\t\t\t\t\t\t<span class=\"elementor-button-content-wrapper\">\n\t\t\t\t\t\t<span class=\"elementor-button-icon\">\n\t\t\t\t<i aria-hidden=\"true\" class=\"far fa-heart\"><\/i>\t\t\t<\/span>\n\t\t\t\t\t\t\t\t\t<span class=\"elementor-button-text\">Support us with your donation!<\/span>\n\t\t\t\t\t<\/span>\n\t\t\t\t\t<\/a>\n\t\t\t\t<\/div>\n\t\t\t\t\t\t\t\t<\/div>\n\t\t\t\t<\/div>\n\t\t\t\t\t<\/div>\n\t\t<\/div>\n\t\t\t\t\t<\/div>\n\t\t<\/section>\n\t\t\t\t<section class=\"elementor-section elementor-top-section elementor-element elementor-element-740b86bd elementor-section-content-middle elementor-section-height-min-height elementor-section-full_width elementor-section-height-default elementor-section-items-middle\" data-id=\"740b86bd\" data-element_type=\"section\" id=\"Heileurythmie\">\n\t\t\t\t\t\t<div class=\"elementor-container elementor-column-gap-default\">\n\t\t\t\t\t<div class=\"elementor-column elementor-col-50 elementor-top-column elementor-element elementor-element-b18567c\" data-id=\"b18567c\" data-element_type=\"column\" data-settings=\"{&quot;background_background&quot;:&quot;classic&quot;,&quot;motion_fx_motion_fx_scrolling&quot;:&quot;yes&quot;,&quot;motion_fx_range&quot;:&quot;page&quot;,&quot;motion_fx_translateX_effect&quot;:&quot;yes&quot;,&quot;motion_fx_translateX_direction&quot;:&quot;negative&quot;,&quot;motion_fx_translateX_speed&quot;:{&quot;unit&quot;:&quot;px&quot;,&quot;size&quot;:0.5,&quot;sizes&quot;:[]},&quot;motion_fx_translateX_affectedRange&quot;:{&quot;unit&quot;:&quot;%&quot;,&quot;size&quot;:&quot;&quot;,&quot;sizes&quot;:{&quot;start&quot;:0,&quot;end&quot;:100}},&quot;motion_fx_devices&quot;:[&quot;desktop&quot;,&quot;tablet&quot;,&quot;mobile&quot;]}\">\n\t\t\t<div class=\"elementor-widget-wrap elementor-element-populated\">\n\t\t\t\t\t\t<div class=\"elementor-element elementor-element-592930cf elementor-widget elementor-widget-image\" data-id=\"592930cf\" data-element_type=\"widget\" data-widget_type=\"image.default\">\n\t\t\t\t<div class=\"elementor-widget-container\">\n\t\t\t\t\t\t\t\t\t\t\t\t\t\t\t<img fetchpriority=\"high\" decoding=\"async\" width=\"1841\" height=\"1227\" src=\"https:\/\/karl-schubert-schule.at\/wp-content\/uploads\/2022\/05\/Eurythmie_07_web.jpg\" class=\"attachment-full size-full wp-image-55\" alt=\"\" srcset=\"https:\/\/karl-schubert-schule.at\/wp-content\/uploads\/2022\/05\/Eurythmie_07_web.jpg 1841w, https:\/\/karl-schubert-schule.at\/wp-content\/uploads\/2022\/05\/Eurythmie_07_web-300x200.jpg 300w, https:\/\/karl-schubert-schule.at\/wp-content\/uploads\/2022\/05\/Eurythmie_07_web-1024x682.jpg 1024w, https:\/\/karl-schubert-schule.at\/wp-content\/uploads\/2022\/05\/Eurythmie_07_web-768x512.jpg 768w, https:\/\/karl-schubert-schule.at\/wp-content\/uploads\/2022\/05\/Eurythmie_07_web-1536x1024.jpg 1536w\" sizes=\"(max-width: 1841px) 100vw, 1841px\" \/>\t\t\t\t\t\t\t\t\t\t\t\t\t\t\t<\/div>\n\t\t\t\t<\/div>\n\t\t\t\t\t<\/div>\n\t\t<\/div>\n\t\t\t\t<div class=\"elementor-column elementor-col-50 elementor-top-column elementor-element elementor-element-246db528\" data-id=\"246db528\" data-element_type=\"column\">\n\t\t\t<div class=\"elementor-widget-wrap elementor-element-populated\">\n\t\t\t\t\t\t<div class=\"elementor-element elementor-element-4aed7d79 elementor-widget elementor-widget-heading\" data-id=\"4aed7d79\" data-element_type=\"widget\" data-widget_type=\"heading.default\">\n\t\t\t\t<div class=\"elementor-widget-container\">\n\t\t\t\t\t<h2 class=\"elementor-heading-title elementor-size-default\">Eurythmy Therapy<\/h2>\t\t\t\t<\/div>\n\t\t\t\t<\/div>\n\t\t\t\t<div class=\"elementor-element elementor-element-1d7c4961 elementor-widget elementor-widget-text-editor\" data-id=\"1d7c4961\" data-element_type=\"widget\" data-widget_type=\"text-editor.default\">\n\t\t\t\t<div class=\"elementor-widget-container\">\n\t\t\t\t\t\t\t\t\t<p>The basic elements of eurythmy therapy are the sounds of our language as transformed into movement, which are specifically applied depending on the indication and therapeutic objective. In a healthy person, the forces of the physical, soul, and spiritual levels work harmoniously together. An illness is a disturbance of this constellation of forces. Focused eurythmy therapy exercises bring these levels back into a healthy balance.\u00a0<\/p>\t\t\t\t\t\t\t\t<\/div>\n\t\t\t\t<\/div>\n\t\t\t\t\t<\/div>\n\t\t<\/div>\n\t\t\t\t\t<\/div>\n\t\t<\/section>\n\t\t\t\t<section class=\"elementor-section elementor-top-section elementor-element elementor-element-73bcba47 elementor-section-boxed elementor-section-height-default elementor-section-height-default\" data-id=\"73bcba47\" data-element_type=\"section\" id=\"Musiktherapie\">\n\t\t\t\t\t\t<div class=\"elementor-container elementor-column-gap-default\">\n\t\t\t\t\t<div class=\"elementor-column elementor-col-33 elementor-top-column elementor-element elementor-element-335a0469\" data-id=\"335a0469\" data-element_type=\"column\">\n\t\t\t<div class=\"elementor-widget-wrap elementor-element-populated\">\n\t\t\t\t\t\t<div class=\"elementor-element elementor-element-dce86d5 elementor-widget elementor-widget-image\" data-id=\"dce86d5\" data-element_type=\"widget\" data-widget_type=\"image.default\">\n\t\t\t\t<div class=\"elementor-widget-container\">\n\t\t\t\t\t\t\t\t\t\t\t\t\t\t\t<img decoding=\"async\" width=\"1841\" height=\"1227\" src=\"https:\/\/karl-schubert-schule.at\/wp-content\/uploads\/2022\/05\/Musiktherapie_04_web.jpg\" class=\"attachment-full size-full wp-image-56\" alt=\"\" srcset=\"https:\/\/karl-schubert-schule.at\/wp-content\/uploads\/2022\/05\/Musiktherapie_04_web.jpg 1841w, https:\/\/karl-schubert-schule.at\/wp-content\/uploads\/2022\/05\/Musiktherapie_04_web-300x200.jpg 300w, https:\/\/karl-schubert-schule.at\/wp-content\/uploads\/2022\/05\/Musiktherapie_04_web-1024x682.jpg 1024w, https:\/\/karl-schubert-schule.at\/wp-content\/uploads\/2022\/05\/Musiktherapie_04_web-768x512.jpg 768w, https:\/\/karl-schubert-schule.at\/wp-content\/uploads\/2022\/05\/Musiktherapie_04_web-1536x1024.jpg 1536w\" sizes=\"(max-width: 1841px) 100vw, 1841px\" \/>\t\t\t\t\t\t\t\t\t\t\t\t\t\t\t<\/div>\n\t\t\t\t<\/div>\n\t\t\t\t\t<\/div>\n\t\t<\/div>\n\t\t\t\t<div class=\"elementor-column elementor-col-33 elementor-top-column elementor-element elementor-element-3662fc25 elementor-hidden-tablet\" data-id=\"3662fc25\" data-element_type=\"column\">\n\t\t\t<div class=\"elementor-widget-wrap elementor-element-populated\">\n\t\t\t\t\t\t<div class=\"elementor-element elementor-element-6c77de4 elementor-widget elementor-widget-image\" data-id=\"6c77de4\" data-element_type=\"widget\" data-widget_type=\"image.default\">\n\t\t\t\t<div class=\"elementor-widget-container\">\n\t\t\t\t\t\t\t\t\t\t\t\t\t\t\t<img decoding=\"async\" width=\"818\" height=\"1227\" src=\"https:\/\/karl-schubert-schule.at\/wp-content\/uploads\/2022\/05\/Musiktherapie_08_web.jpg\" class=\"attachment-full size-full wp-image-57\" alt=\"\" srcset=\"https:\/\/karl-schubert-schule.at\/wp-content\/uploads\/2022\/05\/Musiktherapie_08_web.jpg 818w, https:\/\/karl-schubert-schule.at\/wp-content\/uploads\/2022\/05\/Musiktherapie_08_web-200x300.jpg 200w, https:\/\/karl-schubert-schule.at\/wp-content\/uploads\/2022\/05\/Musiktherapie_08_web-683x1024.jpg 683w, https:\/\/karl-schubert-schule.at\/wp-content\/uploads\/2022\/05\/Musiktherapie_08_web-768x1152.jpg 768w\" sizes=\"(max-width: 818px) 100vw, 818px\" \/>\t\t\t\t\t\t\t\t\t\t\t\t\t\t\t<\/div>\n\t\t\t\t<\/div>\n\t\t\t\t\t<\/div>\n\t\t<\/div>\n\t\t\t\t<div class=\"elementor-column elementor-col-33 elementor-top-column elementor-element elementor-element-215e8849\" data-id=\"215e8849\" data-element_type=\"column\">\n\t\t\t<div class=\"elementor-widget-wrap elementor-element-populated\">\n\t\t\t\t\t\t<div class=\"elementor-element elementor-element-78b31cac elementor-widget elementor-widget-heading\" data-id=\"78b31cac\" data-element_type=\"widget\" data-widget_type=\"heading.default\">\n\t\t\t\t<div class=\"elementor-widget-container\">\n\t\t\t\t\t<h2 class=\"elementor-heading-title elementor-size-default\">Music Therapy<\/h2>\t\t\t\t<\/div>\n\t\t\t\t<\/div>\n\t\t\t\t<div class=\"elementor-element elementor-element-4962533 elementor-widget elementor-widget-text-editor\" data-id=\"4962533\" data-element_type=\"widget\" data-widget_type=\"text-editor.default\">\n\t\t\t\t<div class=\"elementor-widget-container\">\n\t\t\t\t\t\t\t\t\t<p>Physical, soul, and musical breathing combine in music to form a whole. In the therapeutic approach, music addresses the scope of soul experience, stimulates the creative abilities, and has a regulating effect on the interrelationships between the organs.<\/p><p>Since it is possible to have a musical experience even in reduced states of consciousness, this therapy helps to promote understanding, the ability to experience, and communication on a non-linguistic level. In addition, it helps to stimulate the hearing process and the ability to concentrate, as well as to facilitate movement processes.<\/p>\t\t\t\t\t\t\t\t<\/div>\n\t\t\t\t<\/div>\n\t\t\t\t\t<\/div>\n\t\t<\/div>\n\t\t\t\t\t<\/div>\n\t\t<\/section>\n\t\t\t\t<section class=\"elementor-section elementor-top-section elementor-element elementor-element-64382384 elementor-section-content-middle elementor-reverse-tablet elementor-reverse-mobile elementor-section-height-min-height elementor-section-full_width elementor-section-height-default elementor-section-items-middle\" data-id=\"64382384\" data-element_type=\"section\" id=\"Rhythmische_Massagen\">\n\t\t\t\t\t\t<div class=\"elementor-container elementor-column-gap-default\">\n\t\t\t\t\t<div class=\"elementor-column elementor-col-50 elementor-top-column elementor-element elementor-element-2cb287e6\" data-id=\"2cb287e6\" data-element_type=\"column\">\n\t\t\t<div class=\"elementor-widget-wrap elementor-element-populated\">\n\t\t\t\t\t\t<div class=\"elementor-element elementor-element-64158e2a elementor-widget elementor-widget-heading\" data-id=\"64158e2a\" data-element_type=\"widget\" data-widget_type=\"heading.default\">\n\t\t\t\t<div class=\"elementor-widget-container\">\n\t\t\t\t\t<h2 class=\"elementor-heading-title elementor-size-default\">Rhythmic Massage<\/h2>\t\t\t\t<\/div>\n\t\t\t\t<\/div>\n\t\t\t\t<div class=\"elementor-element elementor-element-519d6778 elementor-widget elementor-widget-text-editor\" data-id=\"519d6778\" data-element_type=\"widget\" data-widget_type=\"text-editor.default\">\n\t\t\t\t<div class=\"elementor-widget-container\">\n\t\t\t\t\t\t\t\t\t<p>Rhythmic massage is a treatment method used in anthroposophic medicine. Working together with the physician Ita Wegmann, Rudolf Steiner combined his ideas with existing methods employed in conventional medicine. The goal of anthroposophic medicine is to activate the patient's natural powers to heal themselves. To this end, anthroposophy makes use of natural remedies and various other forms of treatment.<\/p><p>In rhythmic massage, the basic techniques of classical massage are supplemented by various elements. For example, all massage techniques are performed rhythmically, as a result of which they transition smoothly and harmoniously from one to another. The intensity of touch is correlated to the respective medical condition. In addition, special massage oils are used, which include healing substances developed according to anthroposophic principles.<\/p>\t\t\t\t\t\t\t\t<\/div>\n\t\t\t\t<\/div>\n\t\t\t\t\t<\/div>\n\t\t<\/div>\n\t\t\t\t<div class=\"elementor-column elementor-col-50 elementor-top-column elementor-element elementor-element-5ea9b6d6\" data-id=\"5ea9b6d6\" data-element_type=\"column\" data-settings=\"{&quot;background_background&quot;:&quot;classic&quot;,&quot;motion_fx_motion_fx_scrolling&quot;:&quot;yes&quot;,&quot;motion_fx_range&quot;:&quot;page&quot;,&quot;motion_fx_translateX_effect&quot;:&quot;yes&quot;,&quot;motion_fx_translateX_direction&quot;:&quot;negative&quot;,&quot;motion_fx_translateX_speed&quot;:{&quot;unit&quot;:&quot;px&quot;,&quot;size&quot;:0.5,&quot;sizes&quot;:[]},&quot;motion_fx_translateX_affectedRange&quot;:{&quot;unit&quot;:&quot;%&quot;,&quot;size&quot;:&quot;&quot;,&quot;sizes&quot;:{&quot;start&quot;:0,&quot;end&quot;:100}},&quot;motion_fx_devices&quot;:[&quot;desktop&quot;,&quot;tablet&quot;,&quot;mobile&quot;]}\">\n\t\t\t<div class=\"elementor-widget-wrap elementor-element-populated\">\n\t\t\t\t\t\t<div class=\"elementor-element elementor-element-77097e3f elementor-widget elementor-widget-image\" data-id=\"77097e3f\" data-element_type=\"widget\" data-widget_type=\"image.default\">\n\t\t\t\t<div class=\"elementor-widget-container\">\n\t\t\t\t\t\t\t\t\t\t\t\t\t\t\t<img loading=\"lazy\" decoding=\"async\" width=\"800\" height=\"533\" src=\"https:\/\/karl-schubert-schule.at\/wp-content\/uploads\/2022\/05\/Massage_01_web-1024x682.jpg\" class=\"attachment-large size-large wp-image-58\" alt=\"\" srcset=\"https:\/\/karl-schubert-schule.at\/wp-content\/uploads\/2022\/05\/Massage_01_web-1024x682.jpg 1024w, https:\/\/karl-schubert-schule.at\/wp-content\/uploads\/2022\/05\/Massage_01_web-300x200.jpg 300w, https:\/\/karl-schubert-schule.at\/wp-content\/uploads\/2022\/05\/Massage_01_web-768x512.jpg 768w, https:\/\/karl-schubert-schule.at\/wp-content\/uploads\/2022\/05\/Massage_01_web-1536x1024.jpg 1536w, https:\/\/karl-schubert-schule.at\/wp-content\/uploads\/2022\/05\/Massage_01_web.jpg 1841w\" sizes=\"(max-width: 800px) 100vw, 800px\" \/>\t\t\t\t\t\t\t\t\t\t\t\t\t\t\t<\/div>\n\t\t\t\t<\/div>\n\t\t\t\t\t<\/div>\n\t\t<\/div>\n\t\t\t\t\t<\/div>\n\t\t<\/section>\n\t\t\t\t<section class=\"elementor-section elementor-top-section elementor-element elementor-element-1357021f elementor-section-content-middle elementor-section-height-min-height elementor-section-full_width elementor-section-height-default elementor-section-items-middle\" data-id=\"1357021f\" data-element_type=\"section\" id=\"Physiotherapie\">\n\t\t\t\t\t\t<div class=\"elementor-container elementor-column-gap-default\">\n\t\t\t\t\t<div class=\"elementor-column elementor-col-50 elementor-top-column elementor-element elementor-element-1dc363dd\" data-id=\"1dc363dd\" data-element_type=\"column\" data-settings=\"{&quot;background_background&quot;:&quot;classic&quot;,&quot;motion_fx_motion_fx_scrolling&quot;:&quot;yes&quot;,&quot;motion_fx_range&quot;:&quot;page&quot;,&quot;motion_fx_translateX_effect&quot;:&quot;yes&quot;,&quot;motion_fx_translateX_direction&quot;:&quot;negative&quot;,&quot;motion_fx_translateX_speed&quot;:{&quot;unit&quot;:&quot;px&quot;,&quot;size&quot;:0.5,&quot;sizes&quot;:[]},&quot;motion_fx_translateX_affectedRange&quot;:{&quot;unit&quot;:&quot;%&quot;,&quot;size&quot;:&quot;&quot;,&quot;sizes&quot;:{&quot;start&quot;:0,&quot;end&quot;:100}},&quot;motion_fx_devices&quot;:[&quot;desktop&quot;,&quot;tablet&quot;,&quot;mobile&quot;]}\">\n\t\t\t<div class=\"elementor-widget-wrap elementor-element-populated\">\n\t\t\t\t\t\t<div class=\"elementor-element elementor-element-3bf4cf3c elementor-widget elementor-widget-image\" data-id=\"3bf4cf3c\" data-element_type=\"widget\" data-widget_type=\"image.default\">\n\t\t\t\t<div class=\"elementor-widget-container\">\n\t\t\t\t\t\t\t\t\t\t\t\t\t\t\t<img loading=\"lazy\" decoding=\"async\" width=\"800\" height=\"533\" src=\"https:\/\/karl-schubert-schule.at\/wp-content\/uploads\/2022\/05\/Physio_03_web-1024x682.jpg\" class=\"attachment-large size-large wp-image-59\" alt=\"\" srcset=\"https:\/\/karl-schubert-schule.at\/wp-content\/uploads\/2022\/05\/Physio_03_web-1024x682.jpg 1024w, https:\/\/karl-schubert-schule.at\/wp-content\/uploads\/2022\/05\/Physio_03_web-300x200.jpg 300w, https:\/\/karl-schubert-schule.at\/wp-content\/uploads\/2022\/05\/Physio_03_web-768x512.jpg 768w, https:\/\/karl-schubert-schule.at\/wp-content\/uploads\/2022\/05\/Physio_03_web-1536x1024.jpg 1536w, https:\/\/karl-schubert-schule.at\/wp-content\/uploads\/2022\/05\/Physio_03_web.jpg 1841w\" sizes=\"(max-width: 800px) 100vw, 800px\" \/>\t\t\t\t\t\t\t\t\t\t\t\t\t\t\t<\/div>\n\t\t\t\t<\/div>\n\t\t\t\t\t<\/div>\n\t\t<\/div>\n\t\t\t\t<div class=\"elementor-column elementor-col-50 elementor-top-column elementor-element elementor-element-6ca89b9b\" data-id=\"6ca89b9b\" data-element_type=\"column\">\n\t\t\t<div class=\"elementor-widget-wrap elementor-element-populated\">\n\t\t\t\t\t\t<div class=\"elementor-element elementor-element-1c68f5da elementor-widget elementor-widget-heading\" data-id=\"1c68f5da\" data-element_type=\"widget\" data-widget_type=\"heading.default\">\n\t\t\t\t<div class=\"elementor-widget-container\">\n\t\t\t\t\t<h2 class=\"elementor-heading-title elementor-size-default\">Physiotherapy<\/h2>\t\t\t\t<\/div>\n\t\t\t\t<\/div>\n\t\t\t\t<div class=\"elementor-element elementor-element-60286a49 elementor-widget elementor-widget-text-editor\" data-id=\"60286a49\" data-element_type=\"widget\" data-widget_type=\"text-editor.default\">\n\t\t\t\t<div class=\"elementor-widget-container\">\n\t\t\t\t\t\t\t\t\t<p>Physiotherapy aims to detect dysfunctions within our body and to return it to its physiological and mobile state. It helps to guide movements, encourages the body and mind to become active, and has a therapeutic influence on diseases and injuries of the musculoskeletal system.<\/p><p>Furthermore, it corrects imbalances in the sensory and perceptual system and stimulates the vegetative system in its ability to effect stable self-regulation.<\/p>\t\t\t\t\t\t\t\t<\/div>\n\t\t\t\t<\/div>\n\t\t\t\t\t<\/div>\n\t\t<\/div>\n\t\t\t\t\t<\/div>\n\t\t<\/section>\n\t\t\t\t<section class=\"elementor-section elementor-top-section elementor-element elementor-element-2aa10d7b elementor-reverse-tablet elementor-reverse-mobile elementor-section-boxed elementor-section-height-default elementor-section-height-default\" data-id=\"2aa10d7b\" data-element_type=\"section\" id=\"Logop\u00e4die\">\n\t\t\t\t\t\t<div class=\"elementor-container elementor-column-gap-default\">\n\t\t\t\t\t<div class=\"elementor-column elementor-col-50 elementor-top-column elementor-element elementor-element-435a0e2d\" data-id=\"435a0e2d\" data-element_type=\"column\">\n\t\t\t<div class=\"elementor-widget-wrap elementor-element-populated\">\n\t\t\t\t\t\t<div class=\"elementor-element elementor-element-3df8ff2c elementor-widget elementor-widget-heading\" data-id=\"3df8ff2c\" data-element_type=\"widget\" data-widget_type=\"heading.default\">\n\t\t\t\t<div class=\"elementor-widget-container\">\n\t\t\t\t\t<h2 class=\"elementor-heading-title elementor-size-default\">Speech Therapy<\/h2>\t\t\t\t<\/div>\n\t\t\t\t<\/div>\n\t\t\t\t<div class=\"elementor-element elementor-element-ecad43b elementor-widget elementor-widget-text-editor\" data-id=\"ecad43b\" data-element_type=\"widget\" data-widget_type=\"text-editor.default\">\n\t\t\t\t<div class=\"elementor-widget-container\">\n\t\t\t\t\t\t\t\t\t<p>Language has creative and healing powers. It can enhance our life, soul, and spirit. Through therapeutic speech therapy, the lost inner connection to language can be rediscovered. It serves as basis for forming correct articulation, the rhythmization of the breathing process, as well as vocal treatment.<\/p><p>Therapeutic speech formation is used not only for speech, language, and vocal disorders, but also for physical, psychosomatic, and functional conditions, developmental disorders, as well as in remedial education and social therapy.<\/p><p>Speech, language, voice, swallowing, and hearing disorders are treated in speech therapy. Especially in the areas of motor and myofunctional swallowing and articulation, speech formation and speech therapy complement one another.\u00a0<\/p><p>Movement exercises bring these areas back into a healthy balance.\u00a0<\/p>\t\t\t\t\t\t\t\t<\/div>\n\t\t\t\t<\/div>\n\t\t\t\t\t<\/div>\n\t\t<\/div>\n\t\t\t\t<div class=\"elementor-column elementor-col-50 elementor-top-column elementor-element elementor-element-449e3101\" data-id=\"449e3101\" data-element_type=\"column\" data-settings=\"{&quot;background_background&quot;:&quot;classic&quot;}\">\n\t\t\t<div class=\"elementor-widget-wrap elementor-element-populated\">\n\t\t\t\t\t\t<div class=\"elementor-element elementor-element-5aec4171 elementor-widget elementor-widget-image\" data-id=\"5aec4171\" data-element_type=\"widget\" data-widget_type=\"image.default\">\n\t\t\t\t<div class=\"elementor-widget-container\">\n\t\t\t\t\t\t\t\t\t\t\t\t\t\t\t<img loading=\"lazy\" decoding=\"async\" width=\"1029\" height=\"1543\" src=\"https:\/\/karl-schubert-schule.at\/wp-content\/uploads\/2022\/05\/Logopaedie_05.jpg\" class=\"attachment-full size-full wp-image-1262\" alt=\"\" srcset=\"https:\/\/karl-schubert-schule.at\/wp-content\/uploads\/2022\/05\/Logopaedie_05.jpg 1029w, https:\/\/karl-schubert-schule.at\/wp-content\/uploads\/2022\/05\/Logopaedie_05-200x300.jpg 200w, https:\/\/karl-schubert-schule.at\/wp-content\/uploads\/2022\/05\/Logopaedie_05-683x1024.jpg 683w, https:\/\/karl-schubert-schule.at\/wp-content\/uploads\/2022\/05\/Logopaedie_05-768x1152.jpg 768w, https:\/\/karl-schubert-schule.at\/wp-content\/uploads\/2022\/05\/Logopaedie_05-1024x1536.jpg 1024w, https:\/\/karl-schubert-schule.at\/wp-content\/uploads\/2022\/05\/Logopaedie_05-8x12.jpg 8w\" sizes=\"(max-width: 1029px) 100vw, 1029px\" \/>\t\t\t\t\t\t\t\t\t\t\t\t\t\t\t<\/div>\n\t\t\t\t<\/div>\n\t\t\t\t\t<\/div>\n\t\t<\/div>\n\t\t\t\t\t<\/div>\n\t\t<\/section>\n\t\t\t\t<\/div>","protected":false},"excerpt":{"rendered":"<p>Therapien unterst\u00fctzen Wenn Kinder erleben, dass sie auf ihre Art kommunizieren k\u00f6nnen und verstanden werden, probieren sie sich immer weiter aus. Musik ist da ein gutes Mittel, sich auszudr\u00fccken und zu zeigen, wie man \u201egestimmt\u201c ist. Dazu kommt, dass Musik eine heilende Wirkung haben kann. Aber es gibt noch viele andere Therapien, die uns dabei [&hellip;]<\/p>","protected":false},"author":1,"featured_media":0,"parent":0,"menu_order":0,"comment_status":"closed","ping_status":"closed","template":"","meta":{"footnotes":""},"class_list":["post-129","page","type-page","status-publish","hentry"],"_links":{"self":[{"href":"https:\/\/karl-schubert-schule.at\/en\/wp-json\/wp\/v2\/pages\/129","targetHints":{"allow":["GET"]}}],"collection":[{"href":"https:\/\/karl-schubert-schule.at\/en\/wp-json\/wp\/v2\/pages"}],"about":[{"href":"https:\/\/karl-schubert-schule.at\/en\/wp-json\/wp\/v2\/types\/page"}],"author":[{"embeddable":true,"href":"https:\/\/karl-schubert-schule.at\/en\/wp-json\/wp\/v2\/users\/1"}],"replies":[{"embeddable":true,"href":"https:\/\/karl-schubert-schule.at\/en\/wp-json\/wp\/v2\/comments?post=129"}],"version-history":[{"count":133,"href":"https:\/\/karl-schubert-schule.at\/en\/wp-json\/wp\/v2\/pages\/129\/revisions"}],"predecessor-version":[{"id":4232,"href":"https:\/\/karl-schubert-schule.at\/en\/wp-json\/wp\/v2\/pages\/129\/revisions\/4232"}],"wp:attachment":[{"href":"https:\/\/karl-schubert-schule.at\/en\/wp-json\/wp\/v2\/media?parent=129"}],"curies":[{"name":"wp","href":"https:\/\/api.w.org\/{rel}","templated":true}]}}