{"id":386,"date":"2022-05-10T09:06:56","date_gmt":"2022-05-10T07:06:56","guid":{"rendered":"https:\/\/karl-schubert-schule.at\/?page_id=386"},"modified":"2022-05-12T19:23:22","modified_gmt":"2022-05-12T17:23:22","slug":"entstehung-der-schule","status":"publish","type":"page","link":"https:\/\/karl-schubert-schule.at\/de\/entstehung-der-schule\/","title":{"rendered":"Entstehung der Schule"},"content":{"rendered":"\t\t<div data-elementor-type=\"wp-page\" data-elementor-id=\"386\" class=\"elementor elementor-386\" data-elementor-post-type=\"page\">\n\t\t\t\t\t\t<section class=\"elementor-section elementor-top-section elementor-element elementor-element-239ad4a5 elementor-section-height-min-height elementor-section-items-stretch elementor-section-full_width elementor-section-height-default\" data-id=\"239ad4a5\" data-element_type=\"section\" data-e-type=\"section\" id=\"top\">\n\t\t\t\t\t\t<div class=\"elementor-container elementor-column-gap-default\">\n\t\t\t\t\t<div class=\"elementor-column elementor-col-100 elementor-top-column elementor-element elementor-element-73c0ecf0\" data-id=\"73c0ecf0\" data-element_type=\"column\" data-e-type=\"column\" data-settings=\"{&quot;background_background&quot;:&quot;classic&quot;}\">\n\t\t\t<div class=\"elementor-widget-wrap\">\n\t\t\t\t\t\t\t<\/div>\n\t\t<\/div>\n\t\t\t\t\t<\/div>\n\t\t<\/section>\n\t\t\t\t<section class=\"elementor-section elementor-top-section elementor-element elementor-element-70e722ae elementor-section-content-middle elementor-reverse-tablet elementor-reverse-mobile elementor-section-height-min-height elementor-section-boxed elementor-section-height-default elementor-section-items-middle\" data-id=\"70e722ae\" data-element_type=\"section\" data-e-type=\"section\" id=\"Heileurythmie\">\n\t\t\t\t\t\t<div class=\"elementor-container elementor-column-gap-default\">\n\t\t\t\t\t<div class=\"elementor-column elementor-col-100 elementor-top-column elementor-element elementor-element-2b826eca\" data-id=\"2b826eca\" data-element_type=\"column\" data-e-type=\"column\">\n\t\t\t<div class=\"elementor-widget-wrap elementor-element-populated\">\n\t\t\t\t\t\t<div class=\"elementor-element elementor-element-226b3349 elementor-widget elementor-widget-heading\" data-id=\"226b3349\" data-element_type=\"widget\" data-e-type=\"widget\" data-widget_type=\"heading.default\">\n\t\t\t\t<div class=\"elementor-widget-container\">\n\t\t\t\t\t<h2 class=\"elementor-heading-title elementor-size-default\">Entstehung der Schule<\/h2>\t\t\t\t<\/div>\n\t\t\t\t<\/div>\n\t\t\t\t<div class=\"elementor-element elementor-element-585b7713 elementor-widget elementor-widget-text-editor\" data-id=\"585b7713\" data-element_type=\"widget\" data-e-type=\"widget\" data-widget_type=\"text-editor.default\">\n\t\t\t\t<div class=\"elementor-widget-container\">\n\t\t\t\t\t\t\t\t\t<p>Den Ansto\u00df f\u00fcr eine Sonderschule mit Waldorfp\u00e4dagogik gab die Familie K\u00fchne. Sie lebte in Wien und hatte vier Kinder. Johanna, das \u00e4lteste der drei M\u00e4dchen, war ein Kind mit \u201esonderp\u00e4dagogischem F\u00f6rderbedarf\u201c.<\/p><p>Das Ehepaar K\u00fchne war schon ma\u00dfgeblich an der Gr\u00fcndung der ersten Wiener Rudolf Steiner Schule beteiligt gewesen und bem\u00fchte sich nun darum, dieser Schule eine Sonderklasse anzuschlie\u00dfen. F\u00fcr den Anfang stellte sie in ihrem Haus am Jesuitensteig R\u00e4ume zur Verf\u00fcgung.<\/p><p>Dr. Heide Z\u00e4uner, die schon einige Erfahrung in der Heilp\u00e4dagogik mitbrachte, war die erste Schulleiterin, dazu fanden sich zwei Eurythmiestudentinnen, Elisabeth Erdmenger aus Deutschland, die auch eine Musiktherapieausbildung hatte, sowie Genevieve Bachelet aus Frankreich. Als vierter im Bunde kam Sebastian Holzhuber aus Wien dazu.<\/p><p>1972 wurde der Verein Karl Schubert Schule gegr\u00fcndet. Im Vorstand arbeiteten Menschen mit, die schon bei der Gr\u00fcndung der Rudolf Steiner Schule Erfahrungen gesammelt hatten: Herr Professor K\u00fchne und Walter Schulz, der unserer Schule heute noch treu zur Seite steht. Auch Frau Dr. Gergely hat mit ihren Erfahrungen aus der vorangegangenen Schulgr\u00fcndung sehr geholfen, Wege zu ebnen.<\/p><p>Eine solche Schule war in \u00d6sterreich ein Novum \u2013 und entsprechend lange dauerte auch die offizielle Anerkennung dieses v\u00f6llig neuen, unkonventionellen Schulversuches:<\/p><ul><li>ab 1973 Status \u201enicht untersagt\u201c<\/li><li>ab 1975 Unterst\u00fctzung f\u00fcr Transport und Schulgeld vom Sozialamt<\/li><li>ab 1983 \u2013 dank der intensiven Beratung und Hilfe von Dr. Raoul Kneucker \u2013 \u00d6ffentlichkeitsrecht und als zur \u201eSchulpflichterf\u00fcllung geeignet\u201c anerkannt\u00a0<\/li><\/ul><p>Im Laufe der Jahre sind aus der Karl Schubert Schule und dem Kreis ihrer Mitarbeiter\/innen mehrere sozialtherapeutische Einrichtungen hervorgegangen:<\/p><ul><li>1981\u00a0<a href=\"http:\/\/www.kshm.at\/\" target=\"_blank\" rel=\"noopener\">Karl Schubert Haus Mariensee<\/a>, Gesellschaft f\u00fcr Sozialtherapie und Lebensgemeinschaft durch die Familie Jakobs<\/li><li>1986\u00a0<a href=\"http:\/\/www.lebensart-sozialtherapie.at\" target=\"_blank\" rel=\"noopener\">Sozialtherapeutische Lebens- und Arbeitsgemeinschaft<\/a>\u00a0durch die Familie Wirth, ab 1987 mit Wohngruppen und Werkst\u00e4tten, derzeit an vier Standorten in Wien und Nieder\u00f6sterreich<\/li><li>der\u00a0<a href=\"http:\/\/www.himmelschluesselhof.net\/\" target=\"_blank\" rel=\"noopener\">Himmelschl\u00fcsselhof<\/a><u>\u00a0<\/u>bei Texing, eine Initiative von Sch\u00fclereltern, der Familie Fischer<\/li><li>1997 die\u00a0<a href=\"http:\/\/www.dg-breitenfurt.at\/\" target=\"_blank\" rel=\"noopener\">Dorfgemeinschaft Breitenfurt<\/a><u>,<\/u>\u00a0der Durchhaltekraft und dem Gr\u00fcndungswillen von Elisabeth Erdmenger zu verdanken, derzeit mit 8 Wohngruppen und 12 Werkst\u00e4tten<\/li><li>2020 die <a href=\"https:\/\/www.dg-wienerwald.at\/dorfgemeinschaft-wienerwaldsee\" target=\"_blank\" rel=\"noopener\">Dorfgemeinschaft Wienerwaldsee<\/a><\/li><\/ul><p>Um dieselbe Zeit entstand auf Initiative einiger Mitarbeiter\/innen das <a href=\"http:\/\/rudolfsteinerseminar.at\/\" target=\"_blank\" rel=\"noopener\">Rudolf Steiner Seminar f\u00fcr Heilp\u00e4dagogik und Sozialtherapie<\/a>, aus dem mittlerweile schon viele engagierte Sozialtherapeut\/inn\/en hervorgegangen sind.<\/p>\t\t\t\t\t\t\t\t<\/div>\n\t\t\t\t<\/div>\n\t\t\t\t\t<\/div>\n\t\t<\/div>\n\t\t\t\t\t<\/div>\n\t\t<\/section>\n\t\t\t\t<\/div>\n\t\t","protected":false},"excerpt":{"rendered":"<p>Entstehung der Schule Den Ansto\u00df f\u00fcr eine Sonderschule mit Waldorfp\u00e4dagogik gab die Familie K\u00fchne. Sie lebte in Wien und hatte vier Kinder. Johanna, das \u00e4lteste der drei M\u00e4dchen, war ein Kind mit \u201esonderp\u00e4dagogischem F\u00f6rderbedarf\u201c. Das Ehepaar K\u00fchne war schon ma\u00dfgeblich an der Gr\u00fcndung der ersten Wiener Rudolf Steiner Schule beteiligt gewesen und bem\u00fchte sich nun [&hellip;]<\/p>\n","protected":false},"author":1,"featured_media":0,"parent":0,"menu_order":0,"comment_status":"closed","ping_status":"closed","template":"","meta":{"footnotes":""},"class_list":["post-386","page","type-page","status-publish","hentry"],"_links":{"self":[{"href":"https:\/\/karl-schubert-schule.at\/de\/wp-json\/wp\/v2\/pages\/386","targetHints":{"allow":["GET"]}}],"collection":[{"href":"https:\/\/karl-schubert-schule.at\/de\/wp-json\/wp\/v2\/pages"}],"about":[{"href":"https:\/\/karl-schubert-schule.at\/de\/wp-json\/wp\/v2\/types\/page"}],"author":[{"embeddable":true,"href":"https:\/\/karl-schubert-schule.at\/de\/wp-json\/wp\/v2\/users\/1"}],"replies":[{"embeddable":true,"href":"https:\/\/karl-schubert-schule.at\/de\/wp-json\/wp\/v2\/comments?post=386"}],"version-history":[{"count":16,"href":"https:\/\/karl-schubert-schule.at\/de\/wp-json\/wp\/v2\/pages\/386\/revisions"}],"predecessor-version":[{"id":1138,"href":"https:\/\/karl-schubert-schule.at\/de\/wp-json\/wp\/v2\/pages\/386\/revisions\/1138"}],"wp:attachment":[{"href":"https:\/\/karl-schubert-schule.at\/de\/wp-json\/wp\/v2\/media?parent=386"}],"curies":[{"name":"wp","href":"https:\/\/api.w.org\/{rel}","templated":true}]}}