{"id":357,"date":"2022-05-10T08:58:36","date_gmt":"2022-05-10T06:58:36","guid":{"rendered":"https:\/\/karl-schubert-schule.at\/?page_id=357"},"modified":"2022-05-12T19:28:39","modified_gmt":"2022-05-12T17:28:39","slug":"karl-schubert","status":"publish","type":"page","link":"https:\/\/karl-schubert-schule.at\/de\/karl-schubert\/","title":{"rendered":"Karl Schubert"},"content":{"rendered":"\t\t<div data-elementor-type=\"wp-page\" data-elementor-id=\"357\" class=\"elementor elementor-357\" data-elementor-post-type=\"page\">\n\t\t\t\t\t\t<section class=\"elementor-section elementor-top-section elementor-element elementor-element-4e2f818f elementor-section-boxed elementor-section-height-default elementor-section-height-default\" data-id=\"4e2f818f\" data-element_type=\"section\">\n\t\t\t\t\t\t<div class=\"elementor-container elementor-column-gap-default\">\n\t\t\t\t\t<div class=\"elementor-column elementor-col-100 elementor-top-column elementor-element elementor-element-70d7d746\" data-id=\"70d7d746\" data-element_type=\"column\">\n\t\t\t<div class=\"elementor-widget-wrap elementor-element-populated\">\n\t\t\t\t\t\t<div class=\"elementor-element elementor-element-7f372487 elementor-widget__width-auto elementor-align-center elementor-widget elementor-widget-lottie\" data-id=\"7f372487\" data-element_type=\"widget\" data-settings=\"{&quot;source_json&quot;:{&quot;url&quot;:&quot;https:\\\/\\\/karl-schubert-schule.at\\\/wp-content\\\/uploads\\\/2022\\\/05\\\/scroll-down.json&quot;,&quot;id&quot;:&quot;8&quot;,&quot;size&quot;:&quot;&quot;},&quot;loop&quot;:&quot;yes&quot;,&quot;play_speed&quot;:{&quot;unit&quot;:&quot;px&quot;,&quot;size&quot;:&quot;0.5&quot;,&quot;sizes&quot;:[]},&quot;link_to&quot;:&quot;custom&quot;,&quot;custom_link&quot;:{&quot;url&quot;:&quot;#tailormade&quot;,&quot;is_external&quot;:&quot;&quot;,&quot;nofollow&quot;:&quot;&quot;,&quot;custom_attributes&quot;:&quot;&quot;},&quot;source&quot;:&quot;media_file&quot;,&quot;caption_source&quot;:&quot;none&quot;,&quot;trigger&quot;:&quot;arriving_to_viewport&quot;,&quot;viewport&quot;:{&quot;unit&quot;:&quot;%&quot;,&quot;size&quot;:&quot;&quot;,&quot;sizes&quot;:{&quot;start&quot;:0,&quot;end&quot;:100}},&quot;start_point&quot;:{&quot;unit&quot;:&quot;%&quot;,&quot;size&quot;:0,&quot;sizes&quot;:[]},&quot;end_point&quot;:{&quot;unit&quot;:&quot;%&quot;,&quot;size&quot;:100,&quot;sizes&quot;:[]},&quot;renderer&quot;:&quot;svg&quot;}\" data-widget_type=\"lottie.default\">\n\t\t\t\t<div class=\"elementor-widget-container\">\n\t\t\t\t\t<a class=\"e-lottie__container__link\" href=\"#tailormade\"><div class=\"e-lottie__container\"><div class=\"e-lottie__animation\"><\/div><\/div><\/a>\t\t\t\t<\/div>\n\t\t\t\t<\/div>\n\t\t\t\t\t<\/div>\n\t\t<\/div>\n\t\t\t\t\t<\/div>\n\t\t<\/section>\n\t\t\t\t<section class=\"elementor-section elementor-top-section elementor-element elementor-element-6560b71b elementor-section-height-min-height elementor-section-items-stretch elementor-section-full_width elementor-section-height-default\" data-id=\"6560b71b\" data-element_type=\"section\" id=\"top\">\n\t\t\t\t\t\t<div class=\"elementor-container elementor-column-gap-default\">\n\t\t\t\t\t<div class=\"elementor-column elementor-col-100 elementor-top-column elementor-element elementor-element-32875101\" data-id=\"32875101\" data-element_type=\"column\" data-settings=\"{&quot;background_background&quot;:&quot;classic&quot;}\">\n\t\t\t<div class=\"elementor-widget-wrap\">\n\t\t\t\t\t\t\t<\/div>\n\t\t<\/div>\n\t\t\t\t\t<\/div>\n\t\t<\/section>\n\t\t\t\t<section class=\"elementor-section elementor-top-section elementor-element elementor-element-a715c2a elementor-section-content-middle elementor-section-height-min-height elementor-section-items-top elementor-reverse-tablet elementor-reverse-mobile elementor-section-boxed elementor-section-height-default\" data-id=\"a715c2a\" data-element_type=\"section\" id=\"Heileurythmie\">\n\t\t\t\t\t\t<div class=\"elementor-container elementor-column-gap-default\">\n\t\t\t\t\t<div class=\"elementor-column elementor-col-50 elementor-top-column elementor-element elementor-element-78197590\" data-id=\"78197590\" data-element_type=\"column\" data-settings=\"{&quot;background_background&quot;:&quot;classic&quot;,&quot;motion_fx_motion_fx_scrolling&quot;:&quot;yes&quot;,&quot;motion_fx_range&quot;:&quot;page&quot;,&quot;motion_fx_translateX_effect&quot;:&quot;yes&quot;,&quot;motion_fx_translateX_direction&quot;:&quot;negative&quot;,&quot;motion_fx_translateX_speed&quot;:{&quot;unit&quot;:&quot;px&quot;,&quot;size&quot;:0.5,&quot;sizes&quot;:[]},&quot;motion_fx_translateX_affectedRange&quot;:{&quot;unit&quot;:&quot;%&quot;,&quot;size&quot;:&quot;&quot;,&quot;sizes&quot;:{&quot;start&quot;:0,&quot;end&quot;:100}},&quot;motion_fx_devices&quot;:[&quot;desktop&quot;,&quot;tablet&quot;,&quot;mobile&quot;]}\">\n\t\t\t<div class=\"elementor-widget-wrap elementor-element-populated\">\n\t\t\t\t\t\t<div class=\"elementor-element elementor-element-2b5871d6 elementor-widget elementor-widget-image\" data-id=\"2b5871d6\" data-element_type=\"widget\" data-widget_type=\"image.default\">\n\t\t\t\t<div class=\"elementor-widget-container\">\n\t\t\t\t\t\t\t\t\t\t\t\t\t\t\t<img fetchpriority=\"high\" decoding=\"async\" width=\"370\" height=\"370\" src=\"https:\/\/karl-schubert-schule.at\/wp-content\/uploads\/2022\/05\/schubert_schubert_web_sw.jpg\" class=\"attachment-full size-full wp-image-1123\" alt=\"\" srcset=\"https:\/\/karl-schubert-schule.at\/wp-content\/uploads\/2022\/05\/schubert_schubert_web_sw.jpg 370w, https:\/\/karl-schubert-schule.at\/wp-content\/uploads\/2022\/05\/schubert_schubert_web_sw-300x300.jpg 300w, https:\/\/karl-schubert-schule.at\/wp-content\/uploads\/2022\/05\/schubert_schubert_web_sw-150x150.jpg 150w, https:\/\/karl-schubert-schule.at\/wp-content\/uploads\/2022\/05\/schubert_schubert_web_sw-12x12.jpg 12w\" sizes=\"(max-width: 370px) 100vw, 370px\" \/>\t\t\t\t\t\t\t\t\t\t\t\t\t\t\t<\/div>\n\t\t\t\t<\/div>\n\t\t\t\t\t<\/div>\n\t\t<\/div>\n\t\t\t\t<div class=\"elementor-column elementor-col-50 elementor-top-column elementor-element elementor-element-346217dc\" data-id=\"346217dc\" data-element_type=\"column\">\n\t\t\t<div class=\"elementor-widget-wrap elementor-element-populated\">\n\t\t\t\t\t\t<div class=\"elementor-element elementor-element-489a8790 elementor-widget elementor-widget-heading\" data-id=\"489a8790\" data-element_type=\"widget\" data-widget_type=\"heading.default\">\n\t\t\t\t<div class=\"elementor-widget-container\">\n\t\t\t\t\t<h2 class=\"elementor-heading-title elementor-size-default\">Karl Schubert<\/h2>\t\t\t\t<\/div>\n\t\t\t\t<\/div>\n\t\t\t\t<div class=\"elementor-element elementor-element-235f6e48 elementor-widget elementor-widget-text-editor\" data-id=\"235f6e48\" data-element_type=\"widget\" data-widget_type=\"text-editor.default\">\n\t\t\t\t<div class=\"elementor-widget-container\">\n\t\t\t\t\t\t\t\t\t<p>Karl Schubert wurde am 25.11.1889 in Wien geboren (im Haus Zur Gr\u00fcnen Schlange, Josefst\u00e4dter Str. 11). M\u00fctterlicherseits j\u00fcdischer Herkunft, wurde er katholisch getauft und pflegte bis an sein Lebensende eine enge Beziehung zur katholischen Kirche. Er studierte in Wien (Gastsemester in Paris und London) Philosophie, Literatur und Geschichte. 1915 nahm er im polnischen Regiment am Krieg teil, lernte Polnisch und kam in russische Gefangenschaft, wo er als Dolmetscher eingesetzt wurde.<\/p><p>1920 bewarb er sich bei der Waldorf-Astoria-Zigarettenfabrik als Dolmetscher. Er wurde angestellt \u2013 allerdings nicht als Dolmetscher, sondern als Lehrer f\u00fcr Englisch und Franz\u00f6sisch an der neu gegr\u00fcndeten Waldorfschule. Sehr bald erhielt er von Rudolf Steiner die Aufgabe, die F\u00fchrung der neu eingerichteten \u201eHilfsklasse\u201c zu \u00fcbernehmen. In dieser Klasse wurden t\u00e4glich zwei Stunden lang die in ihren Jahrgangsklassen integrierten seelenpflegebed\u00fcrftigen Sch\u00fcler\/innen unterrichtet.<\/p><p>Karl Schubert war der geborene Heilp\u00e4dagoge. Er besa\u00df ein au\u00dferordentlich feines, mitf\u00fchlendes Wahrnehmen f\u00fcr das, was im anderen Menschen vor sich geht. Mit der Kraft seiner starken Pers\u00f6nlichkeit und gro\u00dfer W\u00e4rme bem\u00fchte er sich darum, seine Sch\u00fcler\/innen \u201eim Zentrum\u201c aufzuwecken.<\/p><p>Im Mai 1934 musste er die Waldorfschule seiner j\u00fcdischen Abstammung wegen verlassen \u2013 erhielt aber die Erlaubnis f\u00fcr einen privaten \u201eHilfsunterricht\u201c. Als 1938 die Waldorfschule verboten wurde, \u00fcbersah man diese Hilfsklasse, weil sie nicht mehr offiziell zur Schule geh\u00f6rte. Karl Schubert unterrichtete also seine Sch\u00fcler\/innen weiter. Dies war sowohl f\u00fcr ihn, als auch f\u00fcr die Sch\u00fcler, die als \u201eunwert\u201c galten, ein gef\u00e4hrliches Unterfangen. Sooft es die Umst\u00e4nde erlaubten, wurden sie von ihren Eltern in die von Freunden zur Verf\u00fcgung gestellte Privatwohnung zur \u201eSchule\u201c gebracht. Was zum Unterricht notwendig war, brachte Karl Schubert in seinem Rucksack mit. In einer Atmosph\u00e4re starker Hoffnung und Liebe erzog Karl Schubert seine besonderen Sch\u00fcler\/innen. Man sagt von ihm, Karl Schubert habe die Waldorfp\u00e4dagogik im Rucksack durch den Krieg getragen.<\/p><p>Karl Schubert starb am 3.2.1949 in Stuttgart.<\/p>\t\t\t\t\t\t\t\t<\/div>\n\t\t\t\t<\/div>\n\t\t\t\t\t<\/div>\n\t\t<\/div>\n\t\t\t\t\t<\/div>\n\t\t<\/section>\n\t\t\t\t<\/div>\n\t\t","protected":false},"excerpt":{"rendered":"<p>Karl Schubert Karl Schubert wurde am 25.11.1889 in Wien geboren (im Haus Zur Gr\u00fcnen Schlange, Josefst\u00e4dter Str. 11). M\u00fctterlicherseits j\u00fcdischer Herkunft, wurde er katholisch getauft und pflegte bis an sein Lebensende eine enge Beziehung zur katholischen Kirche. Er studierte in Wien (Gastsemester in Paris und London) Philosophie, Literatur und Geschichte. 1915 nahm er im polnischen [&hellip;]<\/p>\n","protected":false},"author":1,"featured_media":0,"parent":0,"menu_order":0,"comment_status":"closed","ping_status":"closed","template":"","meta":{"footnotes":""},"class_list":["post-357","page","type-page","status-publish","hentry"],"_links":{"self":[{"href":"https:\/\/karl-schubert-schule.at\/de\/wp-json\/wp\/v2\/pages\/357","targetHints":{"allow":["GET"]}}],"collection":[{"href":"https:\/\/karl-schubert-schule.at\/de\/wp-json\/wp\/v2\/pages"}],"about":[{"href":"https:\/\/karl-schubert-schule.at\/de\/wp-json\/wp\/v2\/types\/page"}],"author":[{"embeddable":true,"href":"https:\/\/karl-schubert-schule.at\/de\/wp-json\/wp\/v2\/users\/1"}],"replies":[{"embeddable":true,"href":"https:\/\/karl-schubert-schule.at\/de\/wp-json\/wp\/v2\/comments?post=357"}],"version-history":[{"count":22,"href":"https:\/\/karl-schubert-schule.at\/de\/wp-json\/wp\/v2\/pages\/357\/revisions"}],"predecessor-version":[{"id":1150,"href":"https:\/\/karl-schubert-schule.at\/de\/wp-json\/wp\/v2\/pages\/357\/revisions\/1150"}],"wp:attachment":[{"href":"https:\/\/karl-schubert-schule.at\/de\/wp-json\/wp\/v2\/media?parent=357"}],"curies":[{"name":"wp","href":"https:\/\/api.w.org\/{rel}","templated":true}]}}