{"id":139,"date":"2022-05-06T10:44:38","date_gmt":"2022-05-06T08:44:38","guid":{"rendered":"https:\/\/karl-schubert-schule.at\/?page_id=139"},"modified":"2023-10-23T14:50:33","modified_gmt":"2023-10-23T12:50:33","slug":"kontakt","status":"publish","type":"page","link":"https:\/\/karl-schubert-schule.at\/de\/kontakt\/","title":{"rendered":"Kontakt"},"content":{"rendered":"\t\t<div data-elementor-type=\"wp-page\" data-elementor-id=\"139\" class=\"elementor elementor-139\" data-elementor-post-type=\"page\">\n\t\t\t\t\t\t<section class=\"elementor-section elementor-top-section elementor-element elementor-element-18993e97 elementor-section-height-min-height elementor-section-items-stretch elementor-section-full_width elementor-section-height-default\" data-id=\"18993e97\" data-element_type=\"section\" id=\"top\">\n\t\t\t\t\t\t<div class=\"elementor-container elementor-column-gap-default\">\n\t\t\t\t\t<div class=\"elementor-column elementor-col-100 elementor-top-column elementor-element elementor-element-938aa54\" data-id=\"938aa54\" data-element_type=\"column\" data-settings=\"{&quot;background_background&quot;:&quot;classic&quot;}\">\n\t\t\t<div class=\"elementor-widget-wrap\">\n\t\t\t\t\t\t\t<\/div>\n\t\t<\/div>\n\t\t\t\t\t<\/div>\n\t\t<\/section>\n\t\t\t\t<section class=\"elementor-section elementor-top-section elementor-element elementor-element-60a92437 elementor-section-content-middle elementor-reverse-tablet elementor-reverse-mobile elementor-section-full_width elementor-section-height-default elementor-section-height-default\" data-id=\"60a92437\" data-element_type=\"section\" id=\"willkommen\">\n\t\t\t\t\t\t<div class=\"elementor-container elementor-column-gap-default\">\n\t\t\t\t\t<div class=\"elementor-column elementor-col-50 elementor-top-column elementor-element elementor-element-4947d670\" data-id=\"4947d670\" data-element_type=\"column\">\n\t\t\t<div class=\"elementor-widget-wrap elementor-element-populated\">\n\t\t\t\t\t\t<div class=\"elementor-element elementor-element-1d1e50d2 elementor-widget elementor-widget-heading\" data-id=\"1d1e50d2\" data-element_type=\"widget\" data-widget_type=\"heading.default\">\n\t\t\t\t<div class=\"elementor-widget-container\">\n\t\t\t\t\t<h2 class=\"elementor-heading-title elementor-size-default\">KONTAKT<\/h2>\t\t\t\t<\/div>\n\t\t\t\t<\/div>\n\t\t\t\t\t<\/div>\n\t\t<\/div>\n\t\t\t\t<div class=\"elementor-column elementor-col-50 elementor-top-column elementor-element elementor-element-3c4d0a3\" data-id=\"3c4d0a3\" data-element_type=\"column\">\n\t\t\t<div class=\"elementor-widget-wrap elementor-element-populated\">\n\t\t\t\t\t\t<div class=\"elementor-element elementor-element-729be82 elementor-align-center elementor-invisible elementor-widget elementor-widget-button\" data-id=\"729be82\" data-element_type=\"widget\" data-settings=\"{&quot;_animation&quot;:&quot;fadeInRight&quot;}\" data-widget_type=\"button.default\">\n\t\t\t\t<div class=\"elementor-widget-container\">\n\t\t\t\t\t\t\t\t\t<div class=\"elementor-button-wrapper\">\n\t\t\t\t\t<a class=\"elementor-button elementor-button-link elementor-size-sm\" href=\"https:\/\/karl-schubert-schule.at\/spenden-partner\/\">\n\t\t\t\t\t\t<span class=\"elementor-button-content-wrapper\">\n\t\t\t\t\t\t<span class=\"elementor-button-icon\">\n\t\t\t\t<i aria-hidden=\"true\" class=\"far fa-heart\"><\/i>\t\t\t<\/span>\n\t\t\t\t\t\t\t\t\t<span class=\"elementor-button-text\">Unterst\u00fctzen Sie uns mit Ihrer Spende!<\/span>\n\t\t\t\t\t<\/span>\n\t\t\t\t\t<\/a>\n\t\t\t\t<\/div>\n\t\t\t\t\t\t\t\t<\/div>\n\t\t\t\t<\/div>\n\t\t\t\t\t<\/div>\n\t\t<\/div>\n\t\t\t\t\t<\/div>\n\t\t<\/section>\n\t\t\t\t<section class=\"elementor-section elementor-top-section elementor-element elementor-element-894644 elementor-section-full_width elementor-section-height-default elementor-section-height-default\" data-id=\"894644\" data-element_type=\"section\">\n\t\t\t\t\t\t<div class=\"elementor-container elementor-column-gap-default\">\n\t\t\t\t\t<div class=\"elementor-column elementor-col-50 elementor-top-column elementor-element elementor-element-72d15a2d\" data-id=\"72d15a2d\" data-element_type=\"column\">\n\t\t\t<div class=\"elementor-widget-wrap elementor-element-populated\">\n\t\t\t\t\t\t<div class=\"elementor-element elementor-element-c286aa7 elementor-widget elementor-widget-text-editor\" data-id=\"c286aa7\" data-element_type=\"widget\" data-widget_type=\"text-editor.default\">\n\t\t\t\t<div class=\"elementor-widget-container\">\n\t\t\t\t\t\t\t\t\t<p><b>Karl Schubert Schule<\/b><br \/>Bildungsst\u00e4tte f\u00fcr seelenpflegebed\u00fcrftige Kinder und Jugendliche in Wien<br \/>Kanitzgasse 1\u20133<br \/>1230 Wien<\/p><p><b>Schulb\u00fcro:<\/b><br \/>Doris Sandner, Petra Seitz<br \/>Tel. +43 1 889 46 36<br \/>Fax +43 1 889 46 36-15<br \/>E-Mail: <a href=\"mailto:office@karlschubertschule.at\">office@karlschubertschule.at<\/a><\/p><p><b>Schulleitung:<\/b><br \/>Tereza Szabo (Schulleiterin)<br \/>Markus Hildenbrand (Schulleiter-Stv.)<br \/>E-Mail: <a href=\"mailto:direktion@karlschubertschule.at\">direktion@karlschubertschule.at<\/a><\/p><p><b>Mitarbeiterkreis:<\/b><br \/>Martina Erpelding<br \/>Bozena Dabrowska<br \/>Anita Brunner<br \/>E-Mail: <a href=\"mailto:makreis@karlschubertschule.at\">makreis@karlschubertschule.at<\/a><\/p><p><b>Gesch\u00e4ftsf\u00fchrung:<\/b><br \/>Vorstand des Vereins der Karl Schubert Schule<br \/>Obmann: Tereza Szabo<br \/>Obmann-Stv.: Ruka Arafune<br \/>Schriftf\u00fchrer: Markus Hildenbrand<br \/>Kassier: Georg Daverda<\/p>\t\t\t\t\t\t\t\t<\/div>\n\t\t\t\t<\/div>\n\t\t\t\t\t<\/div>\n\t\t<\/div>\n\t\t\t\t<div class=\"elementor-column elementor-col-50 elementor-top-column elementor-element elementor-element-5f446417\" data-id=\"5f446417\" data-element_type=\"column\">\n\t\t\t<div class=\"elementor-widget-wrap elementor-element-populated\">\n\t\t\t\t\t\t<div class=\"elementor-element elementor-element-6d26aaab elementor-widget elementor-widget-google_maps\" data-id=\"6d26aaab\" data-element_type=\"widget\" data-widget_type=\"google_maps.default\">\n\t\t\t\t<div class=\"elementor-widget-container\">\n\t\t\t\t\t\t\t<div class=\"elementor-custom-embed\">\n\t\t\t<iframe loading=\"lazy\"\n\t\t\t\t\tsrc=\"https:\/\/maps.google.com\/maps?q=Kanitzgasse%201%E2%80%933%2C%201230%20Wien%2C%20%C3%96sterreich&#038;t=m&#038;z=12&#038;output=embed&#038;iwloc=near\"\n\t\t\t\t\ttitle=\"Kanitzgasse 1\u20133, 1230 Wien, \u00d6sterreich\"\n\t\t\t\t\taria-label=\"Kanitzgasse 1\u20133, 1230 Wien, \u00d6sterreich\"\n\t\t\t><\/iframe>\n\t\t<\/div>\n\t\t\t\t\t\t<\/div>\n\t\t\t\t<\/div>\n\t\t\t\t\t<\/div>\n\t\t<\/div>\n\t\t\t\t\t<\/div>\n\t\t<\/section>\n\t\t\t\t<section class=\"elementor-section elementor-top-section elementor-element elementor-element-6d799033 elementor-section-full_width elementor-section-height-default elementor-section-height-default\" data-id=\"6d799033\" data-element_type=\"section\" id=\"aufnahme\">\n\t\t\t\t\t\t<div class=\"elementor-container elementor-column-gap-default\">\n\t\t\t\t\t<div class=\"elementor-column elementor-col-100 elementor-top-column elementor-element elementor-element-5fbc45f4\" data-id=\"5fbc45f4\" data-element_type=\"column\">\n\t\t\t<div class=\"elementor-widget-wrap elementor-element-populated\">\n\t\t\t\t\t\t<div class=\"elementor-element elementor-element-3fe4ee8 elementor-widget elementor-widget-heading\" data-id=\"3fe4ee8\" data-element_type=\"widget\" data-widget_type=\"heading.default\">\n\t\t\t\t<div class=\"elementor-widget-container\">\n\t\t\t\t\t<h2 class=\"elementor-heading-title elementor-size-default\">Aufnahme<\/h2>\t\t\t\t<\/div>\n\t\t\t\t<\/div>\n\t\t\t\t<div class=\"elementor-element elementor-element-2a075a1f elementor-widget elementor-widget-text-editor\" data-id=\"2a075a1f\" data-element_type=\"widget\" data-widget_type=\"text-editor.default\">\n\t\t\t\t<div class=\"elementor-widget-container\">\n\t\t\t\t\t\t\t\t\t<p>Eltern, die f\u00fcr ihre\u00a0Kinder einen Schulplatz suchen oder einen Schulwechsel\u00a0erw\u00e4gen, rufen das Schulb\u00fcro an und vereinbaren einen Termin f\u00fcr ein\u00a0Vorstellungsgespr\u00e4ch. Wenn eine Aufnahme an die Karl Schubert Schule\u00a0sinnvoll erscheint und in der passenden Klasse ein Platz zu\u00a0Verf\u00fcgung steht,\u00a0ist ein Schuleintritt bzw. -wechsel meist kurzfristig m\u00f6glich.\u00a0<\/p><p>So geht\u2019s:<\/p><ul><li>einen Aufnahmeantrag stellen und die\u00a0Schulvereinbarung unterschreiben<\/li><li>im Gespr\u00e4ch mit der Elternbeitragsgruppe ihren\u00a0individuellen Elternbeitrag festsetzen sowie<\/li><li>einen F\u00f6rderantrag beim jeweiligen Kostentr\u00e4ger\u00a0stellen<\/li><\/ul><p>\u00a0<\/p><p><strong>Kosten<\/strong><br \/>Die \u00f6ffentlichen Kostentr\u00e4ger (f\u00fcr Wiener Kinder und Jugendliche ist der Fonds Soziales Wien zust\u00e4ndig) \u00fcbernehmen nur einen Teil des Schulgeldes. Die Differenz ergibt den kostendeckenden Elternbeitrag. Dieser individuelle Elternbeitrag ist sozial gestaffelt.<\/p><p>Dar\u00fcber hinaus ist auch freiwillige Elternmitarbeit gerne gesehen, denn auf diese ist die Karl Schubert Schule angewiesen.<\/p><p><strong>Zivildienstpl\u00e4tze und Freiwilliges Soziales Jahr<\/strong><\/p><p>Derzeit bietet die Karl Schubert Schule Platz f\u00fcr 9 Zivildiener, die ihren Dienst jeweils im September antreten. Interessenten melden sich rechtzeitig zu Jahresbeginn mit einem Motivationsschreiben sowie einem Lebenslauf, um von uns zu einem Vorstellungs- bzw. Schnuppertermin eingeladen zu werden. Wir empfehlen auch, bei der\u00a0<a href=\"http:\/\/www.bmi.gv.at\/cms\/zivildienst\/\" target=\"_blank\" rel=\"noopener\">Zivildienstagentur<\/a> einen Zuweisungswunsch bekanntzugeben.<\/p><p>Zivildiener werden bei uns in folgenden Bereichen eingesetzt:<\/p><ul><li>als Klassenhilfe bei der Betreuung seelenpflegebed\u00fcrftiger Kinder im Unterricht<\/li><li>zu Instandhaltungs- und Reinigungsarbeiten im Schulgeb\u00e4ude<\/li><li>zur Gartenarbeit im Schulgarten<\/li><li>als K\u00fcchenhilfe<\/li><\/ul><p>Die t\u00e4gliche Dienstzeit ist in der Regel von 7:45\u00a0\u2013 16:45 Uhr.<\/p><p>Dar\u00fcber hinaus ist die Karl Schubert Schule anerkannte Einsatzstelle f\u00fcr Absolvent\/inn\/en des\u00a0<a href=\"http:\/\/www.fsj-at.org\/\" target=\"_blank\" rel=\"noopener\">Freiwilligen Sozialen Jahres<\/a>. Interessent\/inn\/en k\u00f6nnen sich bei der\u00a0<a href=\"http:\/\/www.fsj-at.org\/\" target=\"_blank\" rel=\"noopener\">Dachorganisation des FSJ<\/a>\u00a0bewerben. Sie werden bei uns als Klassenhilfe bei der Betreuung seelenpflegebed\u00fcrftiger Kinder im Unterricht eingesetzt.<\/p><p><strong>Bankverbindung<\/strong><\/p><p>Kontoinhaber: Verein Karl Schubert Schule<\/p><p>Bank Austria \u2013 UniCredit<br \/>IBAN: AT83 1100 0006 6197 9500<br \/>BIC: BKAUATWW<\/p>\t\t\t\t\t\t\t\t<\/div>\n\t\t\t\t<\/div>\n\t\t\t\t\t<\/div>\n\t\t<\/div>\n\t\t\t\t\t<\/div>\n\t\t<\/section>\n\t\t\t\t<\/div>\n\t\t","protected":false},"excerpt":{"rendered":"<p>KONTAKT Unterst\u00fctzen Sie uns mit Ihrer Spende! Karl Schubert SchuleBildungsst\u00e4tte f\u00fcr seelenpflegebed\u00fcrftige Kinder und Jugendliche in WienKanitzgasse 1\u201331230 Wien Schulb\u00fcro:Doris Sandner, Petra SeitzTel. +43 1 889 46 36Fax +43 1 889 46 36-15E-Mail: office@karlschubertschule.at Schulleitung:Tereza Szabo (Schulleiterin)Markus Hildenbrand (Schulleiter-Stv.)E-Mail: direktion@karlschubertschule.at Mitarbeiterkreis:Martina ErpeldingBozena DabrowskaAnita BrunnerE-Mail: makreis@karlschubertschule.at Gesch\u00e4ftsf\u00fchrung:Vorstand des Vereins der Karl Schubert SchuleObmann: Tereza SzaboObmann-Stv.: Ruka [&hellip;]<\/p>\n","protected":false},"author":1,"featured_media":0,"parent":0,"menu_order":0,"comment_status":"closed","ping_status":"closed","template":"","meta":{"footnotes":""},"class_list":["post-139","page","type-page","status-publish","hentry"],"_links":{"self":[{"href":"https:\/\/karl-schubert-schule.at\/de\/wp-json\/wp\/v2\/pages\/139","targetHints":{"allow":["GET"]}}],"collection":[{"href":"https:\/\/karl-schubert-schule.at\/de\/wp-json\/wp\/v2\/pages"}],"about":[{"href":"https:\/\/karl-schubert-schule.at\/de\/wp-json\/wp\/v2\/types\/page"}],"author":[{"embeddable":true,"href":"https:\/\/karl-schubert-schule.at\/de\/wp-json\/wp\/v2\/users\/1"}],"replies":[{"embeddable":true,"href":"https:\/\/karl-schubert-schule.at\/de\/wp-json\/wp\/v2\/comments?post=139"}],"version-history":[{"count":172,"href":"https:\/\/karl-schubert-schule.at\/de\/wp-json\/wp\/v2\/pages\/139\/revisions"}],"predecessor-version":[{"id":4510,"href":"https:\/\/karl-schubert-schule.at\/de\/wp-json\/wp\/v2\/pages\/139\/revisions\/4510"}],"wp:attachment":[{"href":"https:\/\/karl-schubert-schule.at\/de\/wp-json\/wp\/v2\/media?parent=139"}],"curies":[{"name":"wp","href":"https:\/\/api.w.org\/{rel}","templated":true}]}}